{"id":47,"date":"2017-09-20T14:39:00","date_gmt":"2017-09-20T12:39:00","guid":{"rendered":"http:\/\/www.weingut-strobl.at\/wordpress\/?page_id=47"},"modified":"2025-01-29T16:16:38","modified_gmt":"2025-01-29T15:16:38","slug":"ein-startseiten-abschnitt","status":"publish","type":"page","link":"https:\/\/www.weingut-strobl.at\/?page_id=47","title":{"rendered":"Buschenschank &#038; andere Events"},"content":{"rendered":"<p>Bereits um 1900 wurde von unserer Familie der Wein beim Buschenschank in Kreuzstetten an Sommerg\u00e4ste ausgeschenkt. Als Paar haben wir beide seit Kindertagen Ber\u00fchrungspunkte mit dem Wein &amp; Buschenschank &#8211; schon in jungen Jahren durften wir bei der Weinlese und dem Heurigen helfen. Als junge Familie haben wir uns nun entschieden den Buschenschank in Kreuzstetten zu reaktivieren.<\/p>\n<p>Wir freuen uns daher sehr, unsere G\u00e4ste in Kreuzstetten bei einem guten Glas Wein zu begr\u00fc\u00dfen.<\/p>\n<p><strong>Derzeit haben wir keine Termine geplant, freuen uns aber auf ein ereignisreiches neues Jahr 2025!<\/strong><\/p>\n","protected":false},"excerpt":{"rendered":"<p>Bereits um 1900 wurde von unserer Familie der Wein beim Buschenschank in Kreuzstetten an Sommerg\u00e4ste ausgeschenkt. Als Paar haben wir beide seit Kindertagen Ber\u00fchrungspunkte mit dem Wein &amp; Buschenschank &#8211; schon in jungen Jahren durften wir bei der Weinlese und dem Heurigen helfen. Als junge Familie haben wir uns nun entschieden den Buschenschank in Kreuzstetten &hellip; <a href=\"https:\/\/www.weingut-strobl.at\/?page_id=47\" class=\"more-link\"><span class=\"screen-reader-text\">Buschenschank &#038; andere Events<\/span> weiterlesen<\/a><\/p>\n","protected":false},"author":1,"featured_media":418,"parent":0,"menu_order":0,"comment_status":"closed","ping_status":"closed","template":"","meta":{"footnotes":""},"class_list":["post-47","page","type-page","status-publish","has-post-thumbnail","hentry"],"_links":{"self":[{"href":"https:\/\/www.weingut-strobl.at\/index.php?rest_route=\/wp\/v2\/pages\/47","targetHints":{"allow":["GET"]}}],"collection":[{"href":"https:\/\/www.weingut-strobl.at\/index.php?rest_route=\/wp\/v2\/pages"}],"about":[{"href":"https:\/\/www.weingut-strobl.at\/index.php?rest_route=\/wp\/v2\/types\/page"}],"author":[{"embeddable":true,"href":"https:\/\/www.weingut-strobl.at\/index.php?rest_route=\/wp\/v2\/users\/1"}],"replies":[{"embeddable":true,"href":"https:\/\/www.weingut-strobl.at\/index.php?rest_route=%2Fwp%2Fv2%2Fcomments&post=47"}],"version-history":[{"count":25,"href":"https:\/\/www.weingut-strobl.at\/index.php?rest_route=\/wp\/v2\/pages\/47\/revisions"}],"predecessor-version":[{"id":949,"href":"https:\/\/www.weingut-strobl.at\/index.php?rest_route=\/wp\/v2\/pages\/47\/revisions\/949"}],"wp:featuredmedia":[{"embeddable":true,"href":"https:\/\/www.weingut-strobl.at\/index.php?rest_route=\/wp\/v2\/media\/418"}],"wp:attachment":[{"href":"https:\/\/www.weingut-strobl.at\/index.php?rest_route=%2Fwp%2Fv2%2Fmedia&parent=47"}],"curies":[{"name":"wp","href":"https:\/\/api.w.org\/{rel}","templated":true}]}}