{"id":44,"date":"2017-09-20T14:38:59","date_gmt":"2017-09-20T12:38:59","guid":{"rendered":"http:\/\/www.weingut-strobl.at\/wordpress\/?page_id=44"},"modified":"2025-01-28T21:45:44","modified_gmt":"2025-01-28T20:45:44","slug":"ueber-mich","status":"publish","type":"page","link":"https:\/\/www.weingut-strobl.at\/?page_id=44","title":{"rendered":"Weingut Strobl"},"content":{"rendered":"<p>In unserem Weingut wird die Erfahrung von Generationen mit neuen frischen Ideen des jugendlichen Leichtsinns vereinigt.<\/p>\n<p>Der Weinbau wird in unserer Familie nun seit f\u00fcnf Generationen betrieben. Wir legen Wert auf die nachhaltige Bewirtschaftung unserer Weing\u00e4rten und die Qualit\u00e4t unserer Trauben, die zu Wein, Traubensaft und Frizzante weiterverarbeitet werden. Auch die Lese von Hand ist f\u00fcr uns ein wichtiges Qualit\u00e4tsmerkmal.<\/p>\n","protected":false},"excerpt":{"rendered":"<p>In unserem Weingut wird die Erfahrung von Generationen mit neuen frischen Ideen des jugendlichen Leichtsinns vereinigt. Der Weinbau wird in unserer Familie nun seit f\u00fcnf Generationen betrieben. Wir legen Wert auf die nachhaltige Bewirtschaftung unserer Weing\u00e4rten und die Qualit\u00e4t unserer Trauben, die zu Wein, Traubensaft und Frizzante weiterverarbeitet werden. Auch die Lese von Hand ist &hellip; <a href=\"https:\/\/www.weingut-strobl.at\/?page_id=44\" class=\"more-link\"><span class=\"screen-reader-text\">Weingut Strobl<\/span> weiterlesen<\/a><\/p>\n","protected":false},"author":1,"featured_media":423,"parent":0,"menu_order":0,"comment_status":"closed","ping_status":"closed","template":"","meta":{"footnotes":""},"class_list":["post-44","page","type-page","status-publish","has-post-thumbnail","hentry"],"_links":{"self":[{"href":"https:\/\/www.weingut-strobl.at\/index.php?rest_route=\/wp\/v2\/pages\/44","targetHints":{"allow":["GET"]}}],"collection":[{"href":"https:\/\/www.weingut-strobl.at\/index.php?rest_route=\/wp\/v2\/pages"}],"about":[{"href":"https:\/\/www.weingut-strobl.at\/index.php?rest_route=\/wp\/v2\/types\/page"}],"author":[{"embeddable":true,"href":"https:\/\/www.weingut-strobl.at\/index.php?rest_route=\/wp\/v2\/users\/1"}],"replies":[{"embeddable":true,"href":"https:\/\/www.weingut-strobl.at\/index.php?rest_route=%2Fwp%2Fv2%2Fcomments&post=44"}],"version-history":[{"count":5,"href":"https:\/\/www.weingut-strobl.at\/index.php?rest_route=\/wp\/v2\/pages\/44\/revisions"}],"predecessor-version":[{"id":921,"href":"https:\/\/www.weingut-strobl.at\/index.php?rest_route=\/wp\/v2\/pages\/44\/revisions\/921"}],"wp:featuredmedia":[{"embeddable":true,"href":"https:\/\/www.weingut-strobl.at\/index.php?rest_route=\/wp\/v2\/media\/423"}],"wp:attachment":[{"href":"https:\/\/www.weingut-strobl.at\/index.php?rest_route=%2Fwp%2Fv2%2Fmedia&parent=44"}],"curies":[{"name":"wp","href":"https:\/\/api.w.org\/{rel}","templated":true}]}}