{"id":336,"date":"2018-01-03T23:59:33","date_gmt":"2018-01-03T22:59:33","guid":{"rendered":"http:\/\/www.weingut-strobl.at\/wordpress\/?page_id=336"},"modified":"2025-01-28T22:07:39","modified_gmt":"2025-01-28T21:07:39","slug":"weinsortiment","status":"publish","type":"page","link":"https:\/\/www.weingut-strobl.at\/?page_id=336","title":{"rendered":"Weinsortiment &#038; co"},"content":{"rendered":"<p><strong>Wei\u00dfweine<\/strong><\/p>\n<ul>\n<li>Gr\u00fcner Veltliner<\/li>\n<li>Weinviertel DAC<\/li>\n<li>Weinviertel DAC Reserve<\/li>\n<li>Welschriesling<\/li>\n<li>Chardonnay<\/li>\n<li>Gelber Muskateller<\/li>\n<li>Rheinriesling<\/li>\n<li>Gew\u00fcrztraminer<\/li>\n<\/ul>\n<p><strong>Rotweine<\/strong><\/p>\n<ul>\n<li>Merlot<\/li>\n<li>Blauburger<\/li>\n<\/ul>\n<p><strong>&amp; Co<\/strong><\/p>\n<ul>\n<li>Sirup von Lavendel, Hollerbl\u00fcte, Rosenbl\u00fcte &amp; Melisse<\/li>\n<li>Apfelchutney &amp; Rote R\u00fcbenchutney<\/li>\n<li>Schwarze N\u00fcsse<\/li>\n<\/ul>\n","protected":false},"excerpt":{"rendered":"<p>Wei\u00dfweine Gr\u00fcner Veltliner Weinviertel DAC Weinviertel DAC Reserve Welschriesling Chardonnay Gelber Muskateller Rheinriesling Gew\u00fcrztraminer Rotweine Merlot Blauburger &amp; Co Sirup von Lavendel, Hollerbl\u00fcte, Rosenbl\u00fcte &amp; Melisse Apfelchutney &amp; Rote R\u00fcbenchutney Schwarze N\u00fcsse<\/p>\n","protected":false},"author":1,"featured_media":884,"parent":0,"menu_order":0,"comment_status":"closed","ping_status":"closed","template":"","meta":{"footnotes":""},"class_list":["post-336","page","type-page","status-publish","has-post-thumbnail","hentry"],"_links":{"self":[{"href":"https:\/\/www.weingut-strobl.at\/index.php?rest_route=\/wp\/v2\/pages\/336","targetHints":{"allow":["GET"]}}],"collection":[{"href":"https:\/\/www.weingut-strobl.at\/index.php?rest_route=\/wp\/v2\/pages"}],"about":[{"href":"https:\/\/www.weingut-strobl.at\/index.php?rest_route=\/wp\/v2\/types\/page"}],"author":[{"embeddable":true,"href":"https:\/\/www.weingut-strobl.at\/index.php?rest_route=\/wp\/v2\/users\/1"}],"replies":[{"embeddable":true,"href":"https:\/\/www.weingut-strobl.at\/index.php?rest_route=%2Fwp%2Fv2%2Fcomments&post=336"}],"version-history":[{"count":5,"href":"https:\/\/www.weingut-strobl.at\/index.php?rest_route=\/wp\/v2\/pages\/336\/revisions"}],"predecessor-version":[{"id":935,"href":"https:\/\/www.weingut-strobl.at\/index.php?rest_route=\/wp\/v2\/pages\/336\/revisions\/935"}],"wp:featuredmedia":[{"embeddable":true,"href":"https:\/\/www.weingut-strobl.at\/index.php?rest_route=\/wp\/v2\/media\/884"}],"wp:attachment":[{"href":"https:\/\/www.weingut-strobl.at\/index.php?rest_route=%2Fwp%2Fv2%2Fmedia&parent=336"}],"curies":[{"name":"wp","href":"https:\/\/api.w.org\/{rel}","templated":true}]}}